{"id":1980,"date":"2018-03-02T10:37:15","date_gmt":"2018-03-02T10:37:15","guid":{"rendered":"https:\/\/palaualameda.enproduccion.info\/politica-privacidad\/"},"modified":"2022-08-24T08:17:01","modified_gmt":"2022-08-24T08:17:01","slug":"privacy-policy","status":"publish","type":"page","link":"https:\/\/palaualameda.com\/en\/privacy-policy\/","title":{"rendered":"Privacy Policy"},"content":{"rendered":"\t\t<div data-elementor-type=\"wp-page\" data-elementor-id=\"1980\" class=\"elementor elementor-1980\" data-elementor-post-type=\"page\">\n\t\t\t\t\t\t<section class=\"has_ae_slider elementor-section elementor-top-section elementor-element elementor-element-1687182a elementor-section-boxed elementor-section-height-default elementor-section-height-default ae-bg-gallery-type-default\" data-id=\"1687182a\" data-element_type=\"section\" data-e-type=\"section\" data-settings=\"{&quot;ekit_has_onepagescroll_dot&quot;:&quot;yes&quot;}\">\n\t\t\t\t\t\t<div class=\"elementor-container elementor-column-gap-default\">\n\t\t\t\t\t<div class=\"has_ae_slider elementor-column elementor-col-100 elementor-top-column elementor-element elementor-element-6e4b26ff ae-bg-gallery-type-default\" data-id=\"6e4b26ff\" data-element_type=\"column\" data-e-type=\"column\">\n\t\t\t<div class=\"elementor-widget-wrap elementor-element-populated\">\n\t\t\t\t\t\t<div class=\"elementor-element elementor-element-795c64a9 elementor-widget elementor-widget-text-editor\" data-id=\"795c64a9\" data-element_type=\"widget\" data-e-type=\"widget\" data-settings=\"{&quot;ekit_we_effect_on&quot;:&quot;none&quot;}\" data-widget_type=\"text-editor.default\">\n\t\t\t\t<div class=\"elementor-widget-container\">\n\t\t\t\t\t\t\t\t\t<h1>Pol\u00edtica de Privacidad<\/h1>\n\nEsta pol\u00edtica de privacidad establece la forma en que se van a gestionar los datos personales recogidos en nuestra p\u00e1gina web. Es imprescindible que la lea y acepte antes de enviarnos informaci\u00f3n de cualquier tipo.\n\nEsta Pol\u00edtica de Privacidad ha sido revisada por \u00faltima vez el d\u00eda 13 de abril de 2018.\n<h3>Qui\u00e9n es el Responsable del Tratamiento de sus datos<\/h3>\n<ul>\n \t<li>Raz\u00f3n Social: Music Resort, S.L.<\/li>\n \t<li>CIF: B98532146<\/li>\n \t<li>Direcci\u00f3n Postal: C\/ M\u00fasico Naturalista Rafael Cisternas, 4 \u2013 4\u00ba \u2013 6\u00aa, 46010 Valencia<\/li>\n \t<li>Correo Electr\u00f3nico: <a href=\"mailto:info@palaualameda.com\">info@palaualameda.com<\/a><\/li>\n \t<li>DPO &#8211; Delegado de Protecci\u00f3n de Datos: Ra\u00fal Garc\u00eda<\/li>\n \t<li>Contacto DPO: <a href=\"mailto:dpo@gdx-group.com\">dpo@gdx-group.com<\/a><\/li>\n<\/ul>\n<h3>Con qu\u00e9 finalidad tratamos sus datos personales<\/h3>\nEn Music Resort, S.L. tratamos la informaci\u00f3n que nos facilitan las personas interesadas con las siguientes finalidades:\n<ul>\n \t<li>Newsletter: Gestionamos el env\u00edo de informaci\u00f3n comercial sobre nuestros servicios.<\/li>\n \t<li>Sorteos: Gestionamos la participaci\u00f3n en nuestros sorteos y eventos promocionales.<\/li>\n \t<li>Contacto: Gestionamos el env\u00edo de informaci\u00f3n que a nivel particular y\/o profesional pueda requerir de nosotros.<\/li>\n \t<li>Empleo: Hacerle part\u00edcipe en los procesos de selecci\u00f3n para incorporar personal laboral a nuestra empresa.<\/li>\n \t<li>Reservas: Gestionamos las solicitudes de reserva en nuestros establecimientos.<\/li>\n<\/ul>\n<h3>Durante cu\u00e1nto tiempo conservaremos sus datos personales<\/h3>\nLos datos personales recogidos en los distintos tratamientos se conservar\u00e1n durante un plazo m\u00e1ximo de cinco a\u00f1os, para mantener el fin de cada tratamiento, y cuando ya no sea necesario para tal fin, se suprimir\u00e1n con medidas de seguridad adecuadas para garantizar la seudonimizaci\u00f3n de los datos o la destrucci\u00f3n total de los mismos. Es posible que en algunos de ellos indiquemos expresamente que el plazo quede ampliado o reducido por raz\u00f3n de la propia naturaleza del tratamiento.\n<h3>Cu\u00e1l es la legitimaci\u00f3n para el tratamiento de sus datos<\/h3>\nLa base legal para el tratamiento de sus datos es la actividad de promoci\u00f3n y comunicaci\u00f3n de los servicios ofrecidos por Music Resort, y est\u00e1 basada en el consentimiento que expresamente se le solicita.\n<h3>A qui\u00e9n se comunicar\u00e1n sus datos<\/h3>\nSus datos no ser\u00e1n comunicados a ning\u00fan tercero sin informarle previamente y requerir su consentimiento expreso, salvo que exista alguna obligaci\u00f3n legal que debamos cumplir.\n\nEn el caso de sorteos y acciones promocionales, sus datos pueden ser comunicados para la ejecuci\u00f3n del sorteo a alg\u00fan tercero, que ver\u00e1 claramente identificado tanto en la informaci\u00f3n b\u00e1sica que le facilitamos de forma previa al env\u00edo de sus datos, como en las bases legales que rijan cada uno de ellos.\n<h3>Qu\u00e9 derechos le asisten como interesado<\/h3>\nComo interesado, le asisten los siguientes derechos:\n<ul>\n \t<li>Tiene derecho a obtener confirmaci\u00f3n sobre si en Music Resort, S.L. estamos tratando datos personales que le conciernan, o no.<\/li>\n \t<li>Tiene derecho a retirar su consentimiento en cualquier momento.<\/li>\n \t<li>Si es persona interesada tiene derecho a acceder a sus datos personales, as\u00ed como a solicitarnos la rectificaci\u00f3n de los datos inexactos o, en su caso, solicitar su supresi\u00f3n cuando, entre otros motivos, los datos ya no sean necesarios para los fines que fueron recogidos.<\/li>\n \t<li>En determinadas circunstancias podr\u00e1 solicitar la limitaci\u00f3n del tratamiento de sus datos, en cuyo caso \u00fanicamente los conservaremos para el ejercicio o la defensa de reclamaciones.<\/li>\n \t<li>En determinadas circunstancias y por motivos relacionados con su situaci\u00f3n particular, podr\u00e1 oponerse al tratamiento de sus datos. Music Resort, S.L. dejar\u00e1 de tratarlos, salvo por motivos leg\u00edtimos imperiosos, o el ejercicio o la defensa de posibles reclamaciones.<\/li>\n \t<li>Tiene derecho a presentar una reclamaci\u00f3n si considera que alguno de los tratamientos que efectuamos no se ajustan a la normativa vigente. Para ello, le informamos de que en Music Resort, S.L. contamos con un Delegado de Protecci\u00f3n de Datos independiente y externo a nuestra empresa, que se encarga de velar por el cumplimiento de la normativa vigente, y al que puede dirigirse a trav\u00e9s de los datos de contacto que le facilitamos a continuaci\u00f3n. No obstante, tambi\u00e9n tiene derecho a dirigirse directamente a la Autoridad de Control (en este caso, la Agencia Espa\u00f1ola de Protecci\u00f3n de datos, <a href=\"http:\/\/www.agpd.es\">agpd.es<\/a>).<\/li>\n<\/ul>\nPara el ejercicio de todos los derechos que le asisten le facilitamos las siguientes v\u00edas:\n<ol>\n \t<li>A trav\u00e9s de nuestro Delegado de Protecci\u00f3n de Datos\n<ul>\n \t<li>Ra\u00fal Garc\u00eda. Email de contacto: <a href=\"mailto:dpo@gdx-group.com\">dpo@gdx-group.com<\/a><\/li>\n<\/ul>\n<\/li>\n \t<li>A trav\u00e9s de nuestras Oficinas\n<ul>\n \t<li>Music Resort, S.L.\nCalle Naturalista Rafael Cisternas, 4 \u2013 4\u00ba \u2013 6\u00aa,\u00a046010, Valencia\n<a href=\"mailto:info@palaualameda.com\">info@palaualameda.com<\/a><\/li>\n<\/ul>\n<\/li>\n<\/ol>\t\t\t\t\t\t\t\t<\/div>\n\t\t\t\t<\/div>\n\t\t\t\t\t<\/div>\n\t\t<\/div>\n\t\t\t\t\t<\/div>\n\t\t<\/section>\n\t\t\t\t<\/div>\n\t\t","protected":false},"excerpt":{"rendered":"<p>Pol\u00edtica de Privacidad Esta pol\u00edtica de privacidad establece la forma en que se van a gestionar los datos personales recogidos en nuestra p\u00e1gina web. Es imprescindible que la lea y acepte antes de enviarnos informaci\u00f3n de cualquier tipo. Esta Pol\u00edtica de Privacidad ha sido revisada por \u00faltima vez el d\u00eda 13 de abril de 2018. [&hellip;]<\/p>\n","protected":false},"author":2,"featured_media":0,"parent":0,"menu_order":0,"comment_status":"closed","ping_status":"closed","template":"","meta":{"_acf_changed":false,"site-sidebar-layout":"no-sidebar","site-content-layout":"page-builder","ast-site-content-layout":"default","site-content-style":"default","site-sidebar-style":"default","ast-global-header-display":"","ast-banner-title-visibility":"","ast-main-header-display":"","ast-hfb-above-header-display":"","ast-hfb-below-header-display":"","ast-hfb-mobile-header-display":"","site-post-title":"disabled","ast-breadcrumbs-content":"","ast-featured-img":"disabled","footer-sml-layout":"","ast-disable-related-posts":"","theme-transparent-header-meta":"default","adv-header-id-meta":"","stick-header-meta":"","header-above-stick-meta":"","header-main-stick-meta":"","header-below-stick-meta":"","astra-migrate-meta-layouts":"default","ast-page-background-enabled":"default","ast-page-background-meta":{"desktop":{"background-color":"","background-image":"","background-repeat":"repeat","background-position":"center center","background-size":"auto","background-attachment":"scroll","background-type":"","background-media":"","overlay-type":"","overlay-color":"","overlay-opacity":"","overlay-gradient":""},"tablet":{"background-color":"","background-image":"","background-repeat":"repeat","background-position":"center center","background-size":"auto","background-attachment":"scroll","background-type":"","background-media":"","overlay-type":"","overlay-color":"","overlay-opacity":"","overlay-gradient":""},"mobile":{"background-color":"","background-image":"","background-repeat":"repeat","background-position":"center center","background-size":"auto","background-attachment":"scroll","background-type":"","background-media":"","overlay-type":"","overlay-color":"","overlay-opacity":"","overlay-gradient":""}},"ast-content-background-meta":{"desktop":{"background-color":"var(--ast-global-color-5)","background-image":"","background-repeat":"repeat","background-position":"center center","background-size":"auto","background-attachment":"scroll","background-type":"","background-media":"","overlay-type":"","overlay-color":"","overlay-opacity":"","overlay-gradient":""},"tablet":{"background-color":"var(--ast-global-color-5)","background-image":"","background-repeat":"repeat","background-position":"center center","background-size":"auto","background-attachment":"scroll","background-type":"","background-media":"","overlay-type":"","overlay-color":"","overlay-opacity":"","overlay-gradient":""},"mobile":{"background-color":"var(--ast-global-color-5)","background-image":"","background-repeat":"repeat","background-position":"center center","background-size":"auto","background-attachment":"scroll","background-type":"","background-media":"","overlay-type":"","overlay-color":"","overlay-opacity":"","overlay-gradient":""}},"_mbp_gutenberg_autopost":false,"_joinchat":[],"footnotes":""},"class_list":["post-1980","page","type-page","status-publish","hentry"],"acf":[],"yoast_head":"<!-- This site is optimized with the Yoast SEO plugin v27.2 - https:\/\/yoast.com\/product\/yoast-seo-wordpress\/ -->\n<title>Privacy Policy | Palau Alameda<\/title>\n<meta name=\"robots\" content=\"noindex, follow\" \/>\n<meta property=\"og:locale\" content=\"en_US\" \/>\n<meta property=\"og:type\" content=\"article\" \/>\n<meta property=\"og:title\" content=\"Privacy Policy | Palau Alameda\" \/>\n<meta property=\"og:description\" content=\"Pol\u00edtica de Privacidad Esta pol\u00edtica de privacidad establece la forma en que se van a gestionar los datos personales recogidos en nuestra p\u00e1gina web. Es imprescindible que la lea y acepte antes de enviarnos informaci\u00f3n de cualquier tipo. Esta Pol\u00edtica de Privacidad ha sido revisada por \u00faltima vez el d\u00eda 13 de abril de 2018. [&hellip;]\" \/>\n<meta property=\"og:url\" content=\"https:\/\/palaualameda.com\/en\/privacy-policy\/\" \/>\n<meta property=\"og:site_name\" content=\"Palau Alameda\" \/>\n<meta property=\"article:publisher\" content=\"https:\/\/www.facebook.com\/PalauAlameda\/\" \/>\n<meta property=\"article:modified_time\" content=\"2022-08-24T08:17:01+00:00\" \/>\n<meta name=\"twitter:card\" content=\"summary_large_image\" \/>\n<meta name=\"twitter:site\" content=\"@palaualameda\" \/>\n<meta name=\"twitter:label1\" content=\"Est. reading time\" \/>\n\t<meta name=\"twitter:data1\" content=\"4 minutes\" \/>\n<script type=\"application\/ld+json\" class=\"yoast-schema-graph\">{\"@context\":\"https:\/\/schema.org\",\"@graph\":[{\"@type\":\"WebPage\",\"@id\":\"https:\/\/palaualameda.com\/en\/privacy-policy\/\",\"url\":\"https:\/\/palaualameda.com\/en\/privacy-policy\/\",\"name\":\"Privacy Policy | Palau Alameda\",\"isPartOf\":{\"@id\":\"https:\/\/palaualameda.com\/en\/#website\"},\"datePublished\":\"2018-03-02T10:37:15+00:00\",\"dateModified\":\"2022-08-24T08:17:01+00:00\",\"breadcrumb\":{\"@id\":\"https:\/\/palaualameda.com\/en\/privacy-policy\/#breadcrumb\"},\"inLanguage\":\"en-US\",\"potentialAction\":[{\"@type\":\"ReadAction\",\"target\":[\"https:\/\/palaualameda.com\/en\/privacy-policy\/\"]}]},{\"@type\":\"BreadcrumbList\",\"@id\":\"https:\/\/palaualameda.com\/en\/privacy-policy\/#breadcrumb\",\"itemListElement\":[{\"@type\":\"ListItem\",\"position\":1,\"name\":\"Palau Alameda\",\"item\":\"https:\/\/palaualameda.com\/en\/\"},{\"@type\":\"ListItem\",\"position\":2,\"name\":\"Privacy Policy\"}]},{\"@type\":\"WebSite\",\"@id\":\"https:\/\/palaualameda.com\/en\/#website\",\"url\":\"https:\/\/palaualameda.com\/en\/\",\"name\":\"Palau Alameda\",\"description\":\"El lugar de moda de ocio en Valencia\",\"publisher\":{\"@id\":\"https:\/\/palaualameda.com\/en\/#organization\"},\"potentialAction\":[{\"@type\":\"SearchAction\",\"target\":{\"@type\":\"EntryPoint\",\"urlTemplate\":\"https:\/\/palaualameda.com\/en\/?s={search_term_string}\"},\"query-input\":{\"@type\":\"PropertyValueSpecification\",\"valueRequired\":true,\"valueName\":\"search_term_string\"}}],\"inLanguage\":\"en-US\"},{\"@type\":\"Organization\",\"@id\":\"https:\/\/palaualameda.com\/en\/#organization\",\"name\":\"Palau Alameda\",\"url\":\"https:\/\/palaualameda.com\/en\/\",\"logo\":{\"@type\":\"ImageObject\",\"inLanguage\":\"en-US\",\"@id\":\"https:\/\/palaualameda.com\/en\/#\/schema\/logo\/image\/\",\"url\":\"https:\/\/palaualameda.com\/wp-content\/uploads\/2018\/02\/palau-alameda-logo-dark.png\",\"contentUrl\":\"https:\/\/palaualameda.com\/wp-content\/uploads\/2018\/02\/palau-alameda-logo-dark.png\",\"width\":494,\"height\":45,\"caption\":\"Palau Alameda\"},\"image\":{\"@id\":\"https:\/\/palaualameda.com\/en\/#\/schema\/logo\/image\/\"},\"sameAs\":[\"https:\/\/www.facebook.com\/PalauAlameda\/\",\"https:\/\/x.com\/palaualameda\",\"https:\/\/www.instagram.com\/palaualameda\/\"]}]}<\/script>\n<!-- \/ Yoast SEO plugin. -->","yoast_head_json":{"title":"Privacy Policy | Palau Alameda","robots":{"index":"noindex","follow":"follow"},"og_locale":"en_US","og_type":"article","og_title":"Privacy Policy | Palau Alameda","og_description":"Pol\u00edtica de Privacidad Esta pol\u00edtica de privacidad establece la forma en que se van a gestionar los datos personales recogidos en nuestra p\u00e1gina web. Es imprescindible que la lea y acepte antes de enviarnos informaci\u00f3n de cualquier tipo. Esta Pol\u00edtica de Privacidad ha sido revisada por \u00faltima vez el d\u00eda 13 de abril de 2018. [&hellip;]","og_url":"https:\/\/palaualameda.com\/en\/privacy-policy\/","og_site_name":"Palau Alameda","article_publisher":"https:\/\/www.facebook.com\/PalauAlameda\/","article_modified_time":"2022-08-24T08:17:01+00:00","twitter_card":"summary_large_image","twitter_site":"@palaualameda","twitter_misc":{"Est. reading time":"4 minutes"},"schema":{"@context":"https:\/\/schema.org","@graph":[{"@type":"WebPage","@id":"https:\/\/palaualameda.com\/en\/privacy-policy\/","url":"https:\/\/palaualameda.com\/en\/privacy-policy\/","name":"Privacy Policy | Palau Alameda","isPartOf":{"@id":"https:\/\/palaualameda.com\/en\/#website"},"datePublished":"2018-03-02T10:37:15+00:00","dateModified":"2022-08-24T08:17:01+00:00","breadcrumb":{"@id":"https:\/\/palaualameda.com\/en\/privacy-policy\/#breadcrumb"},"inLanguage":"en-US","potentialAction":[{"@type":"ReadAction","target":["https:\/\/palaualameda.com\/en\/privacy-policy\/"]}]},{"@type":"BreadcrumbList","@id":"https:\/\/palaualameda.com\/en\/privacy-policy\/#breadcrumb","itemListElement":[{"@type":"ListItem","position":1,"name":"Palau Alameda","item":"https:\/\/palaualameda.com\/en\/"},{"@type":"ListItem","position":2,"name":"Privacy Policy"}]},{"@type":"WebSite","@id":"https:\/\/palaualameda.com\/en\/#website","url":"https:\/\/palaualameda.com\/en\/","name":"Palau Alameda","description":"El lugar de moda de ocio en Valencia","publisher":{"@id":"https:\/\/palaualameda.com\/en\/#organization"},"potentialAction":[{"@type":"SearchAction","target":{"@type":"EntryPoint","urlTemplate":"https:\/\/palaualameda.com\/en\/?s={search_term_string}"},"query-input":{"@type":"PropertyValueSpecification","valueRequired":true,"valueName":"search_term_string"}}],"inLanguage":"en-US"},{"@type":"Organization","@id":"https:\/\/palaualameda.com\/en\/#organization","name":"Palau Alameda","url":"https:\/\/palaualameda.com\/en\/","logo":{"@type":"ImageObject","inLanguage":"en-US","@id":"https:\/\/palaualameda.com\/en\/#\/schema\/logo\/image\/","url":"https:\/\/palaualameda.com\/wp-content\/uploads\/2018\/02\/palau-alameda-logo-dark.png","contentUrl":"https:\/\/palaualameda.com\/wp-content\/uploads\/2018\/02\/palau-alameda-logo-dark.png","width":494,"height":45,"caption":"Palau Alameda"},"image":{"@id":"https:\/\/palaualameda.com\/en\/#\/schema\/logo\/image\/"},"sameAs":["https:\/\/www.facebook.com\/PalauAlameda\/","https:\/\/x.com\/palaualameda","https:\/\/www.instagram.com\/palaualameda\/"]}]}},"publishpress_future_action":{"enabled":false,"date":"2026-04-13 15:24:04","action":"change-status","newStatus":"draft","terms":[],"taxonomy":"translation_priority","extraData":[]},"publishpress_future_workflow_manual_trigger":{"enabledWorkflows":[]},"_links":{"self":[{"href":"https:\/\/palaualameda.com\/en\/wp-json\/wp\/v2\/pages\/1980","targetHints":{"allow":["GET"]}}],"collection":[{"href":"https:\/\/palaualameda.com\/en\/wp-json\/wp\/v2\/pages"}],"about":[{"href":"https:\/\/palaualameda.com\/en\/wp-json\/wp\/v2\/types\/page"}],"author":[{"embeddable":true,"href":"https:\/\/palaualameda.com\/en\/wp-json\/wp\/v2\/users\/2"}],"replies":[{"embeddable":true,"href":"https:\/\/palaualameda.com\/en\/wp-json\/wp\/v2\/comments?post=1980"}],"version-history":[{"count":0,"href":"https:\/\/palaualameda.com\/en\/wp-json\/wp\/v2\/pages\/1980\/revisions"}],"wp:attachment":[{"href":"https:\/\/palaualameda.com\/en\/wp-json\/wp\/v2\/media?parent=1980"}],"curies":[{"name":"wp","href":"https:\/\/api.w.org\/{rel}","templated":true}]}}